{"id":287,"date":"2022-06-27T09:08:27","date_gmt":"2022-06-27T07:08:27","guid":{"rendered":"https:\/\/bnbpromo.seeusoon.digital\/?page_id=287"},"modified":"2022-06-27T09:50:21","modified_gmt":"2022-06-27T07:50:21","slug":"generateur-de-regles-interieures","status":"publish","type":"page","link":"https:\/\/bnbpromo.seeusoon.digital\/?page_id=287","title":{"rendered":"G\u00e9n\u00e9rateur de r\u00e8gles int\u00e9rieures"},"content":{"rendered":"<p>[et_pb_section fb_built=\u00a0\u00bb1&Prime; fullwidth=\u00a0\u00bbon\u00a0\u00bb _builder_version=\u00a0\u00bb4.17.4&Prime; _module_preset=\u00a0\u00bbdefault\u00a0\u00bb background_image=\u00a0\u00bb@ET-DC@eyJkeW5hbWljIjp0cnVlLCJjb250ZW50IjoicG9zdF9mZWF0dXJlZF9pbWFnZSIsInNldHRpbmdzIjp7fX0=@\u00a0\u00bb hover_enabled=\u00a0\u00bb0&Prime; locked=\u00a0\u00bboff\u00a0\u00bb global_colors_info=\u00a0\u00bb{}\u00a0\u00bb _dynamic_attributes=\u00a0\u00bbbackground_image\u00a0\u00bb sticky_enabled=\u00a0\u00bb0&Prime;][et_pb_fullwidth_post_title meta=\u00a0\u00bboff\u00a0\u00bb featured_image=\u00a0\u00bboff\u00a0\u00bb text_color=\u00a0\u00bblight\u00a0\u00bb _builder_version=\u00a0\u00bb4.17.4&Prime; _module_preset=\u00a0\u00bbdefault\u00a0\u00bb title_font=\u00a0\u00bb|||on|||||\u00a0\u00bb title_font_size=\u00a0\u00bb45px\u00a0\u00bb background_size=\u00a0\u00bbinitial\u00a0\u00bb background_position=\u00a0\u00bbcenter_right\u00a0\u00bb background_horizontal_offset=\u00a0\u00bb5%\u00a0\u00bb custom_padding=\u00a0\u00bb10em||10em||true|false\u00a0\u00bb hover_enabled=\u00a0\u00bb0&Prime; text_shadow_style=\u00a0\u00bbpreset3&Prime; global_colors_info=\u00a0\u00bb{}\u00a0\u00bb background_enable_image=\u00a0\u00bboff\u00a0\u00bb sticky_enabled=\u00a0\u00bb0&Prime;][\/et_pb_fullwidth_post_title][\/et_pb_section][et_pb_section fb_built=\u00a0\u00bb1&Prime; _builder_version=\u00a0\u00bb4.16&Prime; locked=\u00a0\u00bboff\u00a0\u00bb global_colors_info=\u00a0\u00bb{}\u00a0\u00bb][et_pb_row _builder_version=\u00a0\u00bb4.16&Prime; background_size=\u00a0\u00bbinitial\u00a0\u00bb background_position=\u00a0\u00bbtop_left\u00a0\u00bb background_repeat=\u00a0\u00bbrepeat\u00a0\u00bb global_colors_info=\u00a0\u00bb{}\u00a0\u00bb][et_pb_column type=\u00a0\u00bb4_4&Prime; _builder_version=\u00a0\u00bb4.16&Prime; custom_padding=\u00a0\u00bb|||\u00a0\u00bb global_colors_info=\u00a0\u00bb{}\u00a0\u00bb custom_padding__hover=\u00a0\u00bb|||\u00a0\u00bb][et_pb_text _builder_version=\u00a0\u00bb4.17.4&Prime; background_size=\u00a0\u00bbinitial\u00a0\u00bb background_position=\u00a0\u00bbtop_left\u00a0\u00bb background_repeat=\u00a0\u00bbrepeat\u00a0\u00bb global_colors_info=\u00a0\u00bb{}\u00a0\u00bb]<\/p>\n<h2>G\u00e9n\u00e9rez votre documentation int\u00e9rieure :<\/h2>\n<ul>\n<li>r\u00e8gles de vie<\/li>\n<li>r\u00e8gles d&rsquo;arriv\u00e9e<\/li>\n<li>r\u00e8gles de d\u00e9part<\/li>\n<li>gestion courante du lieu<\/li>\n<li>gestion des d\u00e9chets<\/li>\n<li>connexion internet ou wifi<\/li>\n<\/ul>\n<p>[\/et_pb_text][\/et_pb_column][\/et_pb_row][et_pb_row column_structure=\u00a0\u00bb1_3,1_3,1_3&Prime; _builder_version=\u00a0\u00bb4.17.4&Prime; _module_preset=\u00a0\u00bbdefault\u00a0\u00bb global_colors_info=\u00a0\u00bb{}\u00a0\u00bb][et_pb_column type=\u00a0\u00bb1_3&Prime; _builder_version=\u00a0\u00bb4.17.4&Prime; _module_preset=\u00a0\u00bbdefault\u00a0\u00bb global_colors_info=\u00a0\u00bb{}\u00a0\u00bb][et_pb_cta title=\u00a0\u00bb1.\u00a0\u00bb button_text=\u00a0\u00bbJ&rsquo;impose mes r\u00e8gles\u00a0\u00bb _builder_version=\u00a0\u00bb4.17.4&Prime; _module_preset=\u00a0\u00bbdefault\u00a0\u00bb global_colors_info=\u00a0\u00bb{}\u00a0\u00bb]<\/p>\n<p>Renseignez les r\u00e8gles d&rsquo;utilisation de votre logement. On vous aide \u00e0 ne rien oublier.<\/p>\n<p>[\/et_pb_cta][\/et_pb_column][et_pb_column type=\u00a0\u00bb1_3&Prime; _builder_version=\u00a0\u00bb4.17.4&Prime; _module_preset=\u00a0\u00bbdefault\u00a0\u00bb global_colors_info=\u00a0\u00bb{}\u00a0\u00bb][et_pb_cta title=\u00a0\u00bb2.\u00a0\u00bb button_text=\u00a0\u00bbJ&rsquo;imprime mes r\u00e8gles\u00a0\u00bb _builder_version=\u00a0\u00bb4.17.4&Prime; _module_preset=\u00a0\u00bbdefault\u00a0\u00bb global_colors_info=\u00a0\u00bb{}\u00a0\u00bb]<\/p>\n<p>Imprimez le document pour l&rsquo;afficher dans votre logement. On vous aide \u00e0 trouver la meilleure solution.<\/p>\n<p>[\/et_pb_cta][\/et_pb_column][et_pb_column type=\u00a0\u00bb1_3&Prime; _builder_version=\u00a0\u00bb4.17.4&Prime; _module_preset=\u00a0\u00bbdefault\u00a0\u00bb global_colors_info=\u00a0\u00bb{}\u00a0\u00bb][et_pb_cta title=\u00a0\u00bb3.\u00a0\u00bb button_text=\u00a0\u00bbJ&rsquo;appose mes r\u00e8gles\u00a0\u00bb _builder_version=\u00a0\u00bb4.17.4&Prime; _module_preset=\u00a0\u00bbdefault\u00a0\u00bb global_colors_info=\u00a0\u00bb{}\u00a0\u00bb]<\/p>\n<p>Affichez vos documents \u00e0 vue. On vous aide \u00e0 trouver le meilleur endroit.<\/p>\n<p>[\/et_pb_cta][\/et_pb_column][\/et_pb_row][\/et_pb_section][et_pb_section fb_built=\u00a0\u00bb1&Prime; admin_label=\u00a0\u00bbSection Blog Astuces\u00a0\u00bb _builder_version=\u00a0\u00bb4.17.4&Prime; _module_preset=\u00a0\u00bbdefault\u00a0\u00bb background_color=\u00a0\u00bbrgba(12,154,206,0.4)\u00a0\u00bb global_module=\u00a0\u00bb192&Prime; global_colors_info=\u00a0\u00bb{}\u00a0\u00bb][et_pb_row _builder_version=\u00a0\u00bb4.17.4&Prime; _module_preset=\u00a0\u00bbdefault\u00a0\u00bb global_colors_info=\u00a0\u00bb{}\u00a0\u00bb][et_pb_column type=\u00a0\u00bb4_4&Prime; _builder_version=\u00a0\u00bb4.17.4&Prime; _module_preset=\u00a0\u00bbdefault\u00a0\u00bb global_colors_info=\u00a0\u00bb{}\u00a0\u00bb][et_pb_text _builder_version=\u00a0\u00bb4.17.4&Prime; _module_preset=\u00a0\u00bbdefault\u00a0\u00bb background_layout=\u00a0\u00bbdark\u00a0\u00bb global_colors_info=\u00a0\u00bb{}\u00a0\u00bb]<\/p>\n<h2>Nos astuces pour am\u00e9liorer vos locations<\/h2>\n<p>[\/et_pb_text][et_pb_blog fullwidth=\u00a0\u00bboff\u00a0\u00bb posts_number=\u00a0\u00bb3&Prime; include_categories=\u00a0\u00bb3&Prime; show_author=\u00a0\u00bboff\u00a0\u00bb show_categories=\u00a0\u00bboff\u00a0\u00bb show_pagination=\u00a0\u00bboff\u00a0\u00bb use_overlay=\u00a0\u00bbon\u00a0\u00bb _builder_version=\u00a0\u00bb4.17.4&Prime; _module_preset=\u00a0\u00bbdefault\u00a0\u00bb global_colors_info=\u00a0\u00bb{}\u00a0\u00bb][\/et_pb_blog][et_pb_button button_url=\u00a0\u00bbhttps:\/\/bnbpromo.seeusoon.digital\/?cat=3&Prime; button_text=\u00a0\u00bbToutes nos astuces\u00a0\u00bb button_alignment=\u00a0\u00bbcenter\u00a0\u00bb _builder_version=\u00a0\u00bb4.17.4&Prime; _module_preset=\u00a0\u00bbdefault\u00a0\u00bb background_layout=\u00a0\u00bbdark\u00a0\u00bb global_colors_info=\u00a0\u00bb{}\u00a0\u00bb][\/et_pb_button][\/et_pb_column][\/et_pb_row][\/et_pb_section]<\/p>\n","protected":false},"excerpt":{"rendered":"<p>G\u00e9n\u00e9rez votre documentation int\u00e9rieure : r\u00e8gles de vie r\u00e8gles d&rsquo;arriv\u00e9e r\u00e8gles de d\u00e9part gestion courante du lieu gestion des d\u00e9chets connexion internet ou wifi Renseignez les r\u00e8gles d&rsquo;utilisation de votre logement. On vous aide \u00e0 ne rien oublier.Imprimez le document pour l&rsquo;afficher dans votre logement. On vous aide \u00e0 trouver la meilleure solution.Affichez vos documents [&hellip;]<\/p>\n","protected":false},"author":1,"featured_media":292,"parent":0,"menu_order":0,"comment_status":"closed","ping_status":"closed","template":"","meta":{"_et_pb_use_builder":"on","_et_pb_old_content":"","_et_gb_content_width":"","footnotes":""},"class_list":["post-287","page","type-page","status-publish","has-post-thumbnail","hentry"],"acf":[],"yoast_head":"<!-- This site is optimized with the Yoast SEO plugin v19.8 - https:\/\/yoast.com\/wordpress\/plugins\/seo\/ -->\n<title>G\u00e9n\u00e9rateur de r\u00e8gles int\u00e9rieures - BNBPromo<\/title>\n<meta name=\"robots\" content=\"noindex, follow, max-snippet:-1, max-image-preview:large, max-video-preview:-1\" \/>\n<meta property=\"og:locale\" content=\"fr_FR\" \/>\n<meta property=\"og:type\" content=\"article\" \/>\n<meta property=\"og:title\" content=\"G\u00e9n\u00e9rateur de r\u00e8gles int\u00e9rieures - BNBPromo\" \/>\n<meta property=\"og:description\" content=\"G\u00e9n\u00e9rez votre documentation int\u00e9rieure : r\u00e8gles de vie r\u00e8gles d&#039;arriv\u00e9e r\u00e8gles de d\u00e9part gestion courante du lieu gestion des d\u00e9chets connexion internet ou wifi Renseignez les r\u00e8gles d&#039;utilisation de votre logement. On vous aide \u00e0 ne rien oublier.Imprimez le document pour l&#039;afficher dans votre logement. On vous aide \u00e0 trouver la meilleure solution.Affichez vos documents [&hellip;]\" \/>\n<meta property=\"og:url\" content=\"https:\/\/bnbpromo.seeusoon.digital\/?page_id=287\" \/>\n<meta property=\"og:site_name\" content=\"BNBPromo\" \/>\n<meta property=\"article:modified_time\" content=\"2022-06-27T07:50:21+00:00\" \/>\n<meta property=\"og:image\" content=\"https:\/\/bnbpromo.seeusoon.digital\/wp-content\/uploads\/2022\/06\/IMG_8444.jpeg\" \/>\n\t<meta property=\"og:image:width\" content=\"1200\" \/>\n\t<meta property=\"og:image:height\" content=\"800\" \/>\n\t<meta property=\"og:image:type\" content=\"image\/jpeg\" \/>\n<meta name=\"twitter:card\" content=\"summary_large_image\" \/>\n<meta name=\"twitter:label1\" content=\"Dur\u00e9e de lecture estim\u00e9e\" \/>\n\t<meta name=\"twitter:data1\" content=\"3 minutes\" \/>\n<script type=\"application\/ld+json\" class=\"yoast-schema-graph\">{\"@context\":\"https:\/\/schema.org\",\"@graph\":[{\"@type\":\"WebPage\",\"@id\":\"https:\/\/bnbpromo.seeusoon.digital\/?page_id=287\",\"url\":\"https:\/\/bnbpromo.seeusoon.digital\/?page_id=287\",\"name\":\"G\u00e9n\u00e9rateur de r\u00e8gles int\u00e9rieures - BNBPromo\",\"isPartOf\":{\"@id\":\"https:\/\/bnbpromo.seeusoon.digital\/#website\"},\"datePublished\":\"2022-06-27T07:08:27+00:00\",\"dateModified\":\"2022-06-27T07:50:21+00:00\",\"breadcrumb\":{\"@id\":\"https:\/\/bnbpromo.seeusoon.digital\/?page_id=287#breadcrumb\"},\"inLanguage\":\"fr-FR\",\"potentialAction\":[{\"@type\":\"ReadAction\",\"target\":[\"https:\/\/bnbpromo.seeusoon.digital\/?page_id=287\"]}]},{\"@type\":\"BreadcrumbList\",\"@id\":\"https:\/\/bnbpromo.seeusoon.digital\/?page_id=287#breadcrumb\",\"itemListElement\":[{\"@type\":\"ListItem\",\"position\":1,\"name\":\"Accueil\",\"item\":\"https:\/\/bnbpromo.seeusoon.digital\/\"},{\"@type\":\"ListItem\",\"position\":2,\"name\":\"G\u00e9n\u00e9rateur de r\u00e8gles int\u00e9rieures\"}]},{\"@type\":\"WebSite\",\"@id\":\"https:\/\/bnbpromo.seeusoon.digital\/#website\",\"url\":\"https:\/\/bnbpromo.seeusoon.digital\/\",\"name\":\"BNBPromo\",\"description\":\"Un site utilisant WordPress\",\"publisher\":{\"@id\":\"https:\/\/bnbpromo.seeusoon.digital\/#organization\"},\"potentialAction\":[{\"@type\":\"SearchAction\",\"target\":{\"@type\":\"EntryPoint\",\"urlTemplate\":\"https:\/\/bnbpromo.seeusoon.digital\/?s={search_term_string}\"},\"query-input\":\"required name=search_term_string\"}],\"inLanguage\":\"fr-FR\"},{\"@type\":\"Organization\",\"@id\":\"https:\/\/bnbpromo.seeusoon.digital\/#organization\",\"name\":\"bnbpromo\",\"url\":\"https:\/\/bnbpromo.seeusoon.digital\/\",\"sameAs\":[],\"logo\":{\"@type\":\"ImageObject\",\"inLanguage\":\"fr-FR\",\"@id\":\"https:\/\/bnbpromo.seeusoon.digital\/#\/schema\/logo\/image\/\",\"url\":\"https:\/\/bnbpromo.seeusoon.digital\/wp-content\/uploads\/2022\/06\/logo-demo.png\",\"contentUrl\":\"https:\/\/bnbpromo.seeusoon.digital\/wp-content\/uploads\/2022\/06\/logo-demo.png\",\"width\":320,\"height\":320,\"caption\":\"bnbpromo\"},\"image\":{\"@id\":\"https:\/\/bnbpromo.seeusoon.digital\/#\/schema\/logo\/image\/\"}}]}<\/script>\n<!-- \/ Yoast SEO plugin. -->","yoast_head_json":{"title":"G\u00e9n\u00e9rateur de r\u00e8gles int\u00e9rieures - BNBPromo","robots":{"index":"noindex","follow":"follow","max-snippet":"max-snippet:-1","max-image-preview":"max-image-preview:large","max-video-preview":"max-video-preview:-1"},"og_locale":"fr_FR","og_type":"article","og_title":"G\u00e9n\u00e9rateur de r\u00e8gles int\u00e9rieures - BNBPromo","og_description":"G\u00e9n\u00e9rez votre documentation int\u00e9rieure : r\u00e8gles de vie r\u00e8gles d'arriv\u00e9e r\u00e8gles de d\u00e9part gestion courante du lieu gestion des d\u00e9chets connexion internet ou wifi Renseignez les r\u00e8gles d'utilisation de votre logement. On vous aide \u00e0 ne rien oublier.Imprimez le document pour l'afficher dans votre logement. On vous aide \u00e0 trouver la meilleure solution.Affichez vos documents [&hellip;]","og_url":"https:\/\/bnbpromo.seeusoon.digital\/?page_id=287","og_site_name":"BNBPromo","article_modified_time":"2022-06-27T07:50:21+00:00","og_image":[{"width":1200,"height":800,"url":"https:\/\/bnbpromo.seeusoon.digital\/wp-content\/uploads\/2022\/06\/IMG_8444.jpeg","type":"image\/jpeg"}],"twitter_card":"summary_large_image","twitter_misc":{"Dur\u00e9e de lecture estim\u00e9e":"3 minutes"},"schema":{"@context":"https:\/\/schema.org","@graph":[{"@type":"WebPage","@id":"https:\/\/bnbpromo.seeusoon.digital\/?page_id=287","url":"https:\/\/bnbpromo.seeusoon.digital\/?page_id=287","name":"G\u00e9n\u00e9rateur de r\u00e8gles int\u00e9rieures - BNBPromo","isPartOf":{"@id":"https:\/\/bnbpromo.seeusoon.digital\/#website"},"datePublished":"2022-06-27T07:08:27+00:00","dateModified":"2022-06-27T07:50:21+00:00","breadcrumb":{"@id":"https:\/\/bnbpromo.seeusoon.digital\/?page_id=287#breadcrumb"},"inLanguage":"fr-FR","potentialAction":[{"@type":"ReadAction","target":["https:\/\/bnbpromo.seeusoon.digital\/?page_id=287"]}]},{"@type":"BreadcrumbList","@id":"https:\/\/bnbpromo.seeusoon.digital\/?page_id=287#breadcrumb","itemListElement":[{"@type":"ListItem","position":1,"name":"Accueil","item":"https:\/\/bnbpromo.seeusoon.digital\/"},{"@type":"ListItem","position":2,"name":"G\u00e9n\u00e9rateur de r\u00e8gles int\u00e9rieures"}]},{"@type":"WebSite","@id":"https:\/\/bnbpromo.seeusoon.digital\/#website","url":"https:\/\/bnbpromo.seeusoon.digital\/","name":"BNBPromo","description":"Un site utilisant WordPress","publisher":{"@id":"https:\/\/bnbpromo.seeusoon.digital\/#organization"},"potentialAction":[{"@type":"SearchAction","target":{"@type":"EntryPoint","urlTemplate":"https:\/\/bnbpromo.seeusoon.digital\/?s={search_term_string}"},"query-input":"required name=search_term_string"}],"inLanguage":"fr-FR"},{"@type":"Organization","@id":"https:\/\/bnbpromo.seeusoon.digital\/#organization","name":"bnbpromo","url":"https:\/\/bnbpromo.seeusoon.digital\/","sameAs":[],"logo":{"@type":"ImageObject","inLanguage":"fr-FR","@id":"https:\/\/bnbpromo.seeusoon.digital\/#\/schema\/logo\/image\/","url":"https:\/\/bnbpromo.seeusoon.digital\/wp-content\/uploads\/2022\/06\/logo-demo.png","contentUrl":"https:\/\/bnbpromo.seeusoon.digital\/wp-content\/uploads\/2022\/06\/logo-demo.png","width":320,"height":320,"caption":"bnbpromo"},"image":{"@id":"https:\/\/bnbpromo.seeusoon.digital\/#\/schema\/logo\/image\/"}}]}},"_links":{"self":[{"href":"https:\/\/bnbpromo.seeusoon.digital\/index.php?rest_route=\/wp\/v2\/pages\/287","targetHints":{"allow":["GET"]}}],"collection":[{"href":"https:\/\/bnbpromo.seeusoon.digital\/index.php?rest_route=\/wp\/v2\/pages"}],"about":[{"href":"https:\/\/bnbpromo.seeusoon.digital\/index.php?rest_route=\/wp\/v2\/types\/page"}],"author":[{"embeddable":true,"href":"https:\/\/bnbpromo.seeusoon.digital\/index.php?rest_route=\/wp\/v2\/users\/1"}],"replies":[{"embeddable":true,"href":"https:\/\/bnbpromo.seeusoon.digital\/index.php?rest_route=%2Fwp%2Fv2%2Fcomments&post=287"}],"version-history":[{"count":6,"href":"https:\/\/bnbpromo.seeusoon.digital\/index.php?rest_route=\/wp\/v2\/pages\/287\/revisions"}],"predecessor-version":[{"id":325,"href":"https:\/\/bnbpromo.seeusoon.digital\/index.php?rest_route=\/wp\/v2\/pages\/287\/revisions\/325"}],"wp:featuredmedia":[{"embeddable":true,"href":"https:\/\/bnbpromo.seeusoon.digital\/index.php?rest_route=\/wp\/v2\/media\/292"}],"wp:attachment":[{"href":"https:\/\/bnbpromo.seeusoon.digital\/index.php?rest_route=%2Fwp%2Fv2%2Fmedia&parent=287"}],"curies":[{"name":"wp","href":"https:\/\/api.w.org\/{rel}","templated":true}]}}