{"id":2,"date":"2022-06-22T17:37:16","date_gmt":"2022-06-22T15:37:16","guid":{"rendered":"https:\/\/bnbpromo.seeusoon.digital\/?page_id=2"},"modified":"2022-10-06T11:33:19","modified_gmt":"2022-10-06T09:33:19","slug":"page-d-exemple","status":"publish","type":"page","link":"https:\/\/bnbpromo.seeusoon.digital\/","title":{"rendered":"Votre location am\u00e9lior\u00e9e"},"content":{"rendered":"[et_pb_section fb_built=\u00a0\u00bb1&Prime; fullwidth=\u00a0\u00bbon\u00a0\u00bb _builder_version=\u00a0\u00bb4.17.4&Prime; _module_preset=\u00a0\u00bbdefault\u00a0\u00bb background_image=\u00a0\u00bbhttps:\/\/bnbpromo.seeusoon.digital\/wp-content\/uploads\/2022\/06\/annonces-immobilieres-location-a-etranger.jpeg\u00a0\u00bb global_colors_info=\u00a0\u00bb{}\u00a0\u00bb][et_pb_fullwidth_post_title meta=\u00a0\u00bboff\u00a0\u00bb featured_image=\u00a0\u00bboff\u00a0\u00bb text_color=\u00a0\u00bblight\u00a0\u00bb _builder_version=\u00a0\u00bb4.17.4&Prime; _dynamic_attributes=\u00a0\u00bbbackground_image\u00a0\u00bb _module_preset=\u00a0\u00bbdefault\u00a0\u00bb title_font=\u00a0\u00bb|||on|||||\u00a0\u00bb title_font_size=\u00a0\u00bb45px\u00a0\u00bb background_image=\u00a0\u00bb@ET-DC@eyJkeW5hbWljIjp0cnVlLCJjb250ZW50IjoicG9zdF9mZWF0dXJlZF9pbWFnZSIsInNldHRpbmdzIjp7fX0=@\u00a0\u00bb background_size=\u00a0\u00bbinitial\u00a0\u00bb background_position=\u00a0\u00bbcenter_right\u00a0\u00bb background_horizontal_offset=\u00a0\u00bb5%\u00a0\u00bb custom_padding=\u00a0\u00bb10em||10em||true|false\u00a0\u00bb text_shadow_style=\u00a0\u00bbpreset3&Prime; global_colors_info=\u00a0\u00bb{}\u00a0\u00bb][\/et_pb_fullwidth_post_title][\/et_pb_section][et_pb_section fb_built=\u00a0\u00bb1&Prime; _builder_version=\u00a0\u00bb4.17.4&Prime; _module_preset=\u00a0\u00bbdefault\u00a0\u00bb custom_padding=\u00a0\u00bb||3px|||\u00a0\u00bb global_colors_info=\u00a0\u00bb{}\u00a0\u00bb][et_pb_row column_structure=\u00a0\u00bb1_3,1_3,1_3&Prime; make_equal=\u00a0\u00bbon\u00a0\u00bb _builder_version=\u00a0\u00bb4.17.4&Prime; _module_preset=\u00a0\u00bbdefault\u00a0\u00bb background_enable_color=\u00a0\u00bboff\u00a0\u00bb global_colors_info=\u00a0\u00bb{}\u00a0\u00bb][et_pb_column type=\u00a0\u00bb1_3&Prime; _builder_version=\u00a0\u00bb4.17.4&Prime; _module_preset=\u00a0\u00bbdefault\u00a0\u00bb background_color=\u00a0\u00bb#0C71C3&Prime; global_colors_info=\u00a0\u00bb{}\u00a0\u00bb][et_pb_text _builder_version=\u00a0\u00bb4.17.4&Prime; _module_preset=\u00a0\u00bbdefault\u00a0\u00bb text_font_size=\u00a0\u00bb45px\u00a0\u00bb text_line_height=\u00a0\u00bb2.2em\u00a0\u00bb text_orientation=\u00a0\u00bbcenter\u00a0\u00bb background_layout=\u00a0\u00bbdark\u00a0\u00bb custom_padding=\u00a0\u00bb25px||||false|false\u00a0\u00bb global_colors_info=\u00a0\u00bb{}\u00a0\u00bb]<p><strong>1.<\/strong><\/p>[\/et_pb_text][et_pb_cta title=\u00a0\u00bbAm\u00e9liorer votre annonce\u00a0\u00bb button_text=\u00a0\u00bbj&rsquo;am\u00e9liore mon annonce\u00a0\u00bb _builder_version=\u00a0\u00bb4.17.4&Prime; _module_preset=\u00a0\u00bbdefault\u00a0\u00bb background_enable_color=\u00a0\u00bboff\u00a0\u00bb custom_padding=\u00a0\u00bb0px||||false|false\u00a0\u00bb global_colors_info=\u00a0\u00bb{}\u00a0\u00bb]<p>Renseignez le formulaire et obtenez une annonce pr\u00eat \u00e0 l&#8217;emploi<\/p>[\/et_pb_cta][\/et_pb_column][et_pb_column type=\u00a0\u00bb1_3&Prime; _builder_version=\u00a0\u00bb4.17.4&Prime; _module_preset=\u00a0\u00bbdefault\u00a0\u00bb background_color=\u00a0\u00bb#0C71C3&Prime; global_colors_info=\u00a0\u00bb{}\u00a0\u00bb][et_pb_text _builder_version=\u00a0\u00bb4.17.6&Prime; _module_preset=\u00a0\u00bbdefault\u00a0\u00bb text_font_size=\u00a0\u00bb45px\u00a0\u00bb text_line_height=\u00a0\u00bb2.2em\u00a0\u00bb text_orientation=\u00a0\u00bbcenter\u00a0\u00bb background_layout=\u00a0\u00bbdark\u00a0\u00bb custom_padding=\u00a0\u00bb25px||||false|false\u00a0\u00bb global_colors_info=\u00a0\u00bb{}\u00a0\u00bb]<p><strong>2.<\/strong><\/p>[\/et_pb_text][et_pb_cta title=\u00a0\u00bbAm\u00e9liorer vos locations\u00a0\u00bb button_text=\u00a0\u00bbJ&rsquo;am\u00e9liore mon accueil\u00a0\u00bb _builder_version=\u00a0\u00bb4.17.6&Prime; _module_preset=\u00a0\u00bbdefault\u00a0\u00bb background_enable_color=\u00a0\u00bboff\u00a0\u00bb custom_padding=\u00a0\u00bb0px||||false|false\u00a0\u00bb global_colors_info=\u00a0\u00bb{}\u00a0\u00bb]<p>Recevez un guide adapt\u00e9 \u00e0 votre annonce, pour am\u00e9liorer la qualit\u00e9 de votre accueil<\/p>[\/et_pb_cta][\/et_pb_column][et_pb_column type=\u00a0\u00bb1_3&Prime; _builder_version=\u00a0\u00bb4.17.4&Prime; _module_preset=\u00a0\u00bbdefault\u00a0\u00bb background_color=\u00a0\u00bb#0C71C3&Prime; global_colors_info=\u00a0\u00bb{}\u00a0\u00bb][et_pb_text _builder_version=\u00a0\u00bb4.17.4&Prime; _module_preset=\u00a0\u00bbdefault\u00a0\u00bb text_font_size=\u00a0\u00bb45px\u00a0\u00bb text_line_height=\u00a0\u00bb2.2em\u00a0\u00bb text_orientation=\u00a0\u00bbcenter\u00a0\u00bb background_layout=\u00a0\u00bbdark\u00a0\u00bb custom_padding=\u00a0\u00bb25px||||false|false\u00a0\u00bb global_colors_info=\u00a0\u00bb{}\u00a0\u00bb]<p><strong>3.<\/strong><\/p>[\/et_pb_text][et_pb_cta title=\u00a0\u00bbAugmenter votre rentabilit\u00e9\u00a0\u00bb button_text=\u00a0\u00bbJe loue plus\u00a0\u00bb _builder_version=\u00a0\u00bb4.17.6&Prime; _module_preset=\u00a0\u00bbdefault\u00a0\u00bb background_enable_color=\u00a0\u00bboff\u00a0\u00bb custom_padding=\u00a0\u00bb0px||||false|false\u00a0\u00bb global_colors_info=\u00a0\u00bb{}\u00a0\u00bb]<p>Am\u00e9liorez votre taux de remplissage et augmentez vos prix de location grace \u00e0 des conseils et des astuces sur mesure pour votre location<\/p>[\/et_pb_cta][\/et_pb_column][\/et_pb_row][\/et_pb_section][et_pb_section fb_built=\u00a0\u00bb1&Prime; _builder_version=\u00a0\u00bb4.16&Prime; global_colors_info=\u00a0\u00bb{}\u00a0\u00bb][et_pb_row _builder_version=\u00a0\u00bb4.16&Prime; background_size=\u00a0\u00bbinitial\u00a0\u00bb background_position=\u00a0\u00bbtop_left\u00a0\u00bb background_repeat=\u00a0\u00bbrepeat\u00a0\u00bb global_colors_info=\u00a0\u00bb{}\u00a0\u00bb][et_pb_column type=\u00a0\u00bb4_4&Prime; _builder_version=\u00a0\u00bb4.16&Prime; custom_padding=\u00a0\u00bb|||\u00a0\u00bb global_colors_info=\u00a0\u00bb{}\u00a0\u00bb custom_padding__hover=\u00a0\u00bb|||\u00a0\u00bb][et_pb_text _builder_version=\u00a0\u00bb4.17.4&Prime; background_size=\u00a0\u00bbinitial\u00a0\u00bb background_position=\u00a0\u00bbtop_left\u00a0\u00bb background_repeat=\u00a0\u00bbrepeat\u00a0\u00bb global_colors_info=\u00a0\u00bb{}\u00a0\u00bb]<p>Nous vous fournissons des textes automatiquement adapt\u00e9s \u00e0 la description de votre logement en location, en fonction des informations qui vous seront demand\u00e9s dans le formulaire ci-apr\u00e8s.<br \/>Des annonces r\u00e9dig\u00e9es sans fautes, des tournures agr\u00e9ables et compl\u00e8tes, traduites en fran\u00e7ais et anglais (espagnol et chinois \u00e0 venir !)<\/p>\n<p><\/p>[\/et_pb_text][et_pb_text _builder_version=\u00a0\u00bb4.18.0&Prime; _module_preset=\u00a0\u00bbdefault\u00a0\u00bb hover_enabled=\u00a0\u00bb0&Prime; global_colors_info=\u00a0\u00bb{}\u00a0\u00bb sticky_enabled=\u00a0\u00bb0&Prime;]<p>[react_menu]<\/p>[\/et_pb_text][\/et_pb_column][\/et_pb_row][\/et_pb_section][et_pb_section fb_built=\u00a0\u00bb1&Prime; specialty=\u00a0\u00bbon\u00a0\u00bb _builder_version=\u00a0\u00bb4.17.4&Prime; _module_preset=\u00a0\u00bbdefault\u00a0\u00bb background_color=\u00a0\u00bbrgba(13,132,224,0.48)\u00a0\u00bb global_colors_info=\u00a0\u00bb{}\u00a0\u00bb][et_pb_column type=\u00a0\u00bb1_2&Prime; _builder_version=\u00a0\u00bb4.16&Prime; custom_padding=\u00a0\u00bb|||\u00a0\u00bb global_colors_info=\u00a0\u00bb{}\u00a0\u00bb custom_padding__hover=\u00a0\u00bb|||\u00a0\u00bb][et_pb_image src=\u00a0\u00bbhttps:\/\/bnbpromo.seeusoon.digital\/wp-content\/uploads\/2022\/06\/rue-poterie-maison-de-l_isle-1600&#215;900-1.jpeg\u00a0\u00bb title_text=\u00a0\u00bbrue-poterie-maison-de-l_isle-1600&#215;900&Prime; _builder_version=\u00a0\u00bb4.17.4&Prime; _module_preset=\u00a0\u00bbdefault\u00a0\u00bb global_colors_info=\u00a0\u00bb{}\u00a0\u00bb][\/et_pb_image][\/et_pb_column][et_pb_column type=\u00a0\u00bb1_2&Prime; specialty_columns=\u00a0\u00bb2&Prime; _builder_version=\u00a0\u00bb4.16&Prime; custom_padding=\u00a0\u00bb|||\u00a0\u00bb global_colors_info=\u00a0\u00bb{}\u00a0\u00bb custom_padding__hover=\u00a0\u00bb|||\u00a0\u00bb][et_pb_row_inner _builder_version=\u00a0\u00bb4.17.4&Prime; _module_preset=\u00a0\u00bbdefault\u00a0\u00bb global_colors_info=\u00a0\u00bb{}\u00a0\u00bb][et_pb_column_inner saved_specialty_column_type=\u00a0\u00bb1_2&Prime; _builder_version=\u00a0\u00bb4.17.4&Prime; _module_preset=\u00a0\u00bbdefault\u00a0\u00bb global_colors_info=\u00a0\u00bb{}\u00a0\u00bb][et_pb_text admin_label=\u00a0\u00bbModule CTA\u00a0\u00bb _builder_version=\u00a0\u00bb4.17.4&Prime; _module_preset=\u00a0\u00bbdefault\u00a0\u00bb background_color=\u00a0\u00bbrgba(12,113,195,0.23)\u00a0\u00bb custom_margin=\u00a0\u00bb||||false|false\u00a0\u00bb custom_padding=\u00a0\u00bb20px|20px|20px|20px|true|true\u00a0\u00bb global_module=\u00a0\u00bb34&Prime; global_colors_info=\u00a0\u00bb{}\u00a0\u00bb]<h3><strong><a href=\"https:\/\/bnbpromo.seeusoon.digital\/?page_id=145\">Module CTA texte promo click<\/a><\/strong><\/h3>\n<p><strong><a href=\"https:\/\/bnbpromo.seeusoon.digital\/?page_id=145\" aria-current=\"page\">G\u00e9n\u00e9rer votre annonce parfaite en quelques minutes<\/a><\/strong><\/p>\n[\/et_pb_text][\/et_pb_column_inner][\/et_pb_row_inner][\/et_pb_column][\/et_pb_section][et_pb_section fb_built=\u00a0\u00bb1&Prime; admin_label=\u00a0\u00bbSection Blog Conseils\u00a0\u00bb _builder_version=\u00a0\u00bb4.17.6&Prime; _module_preset=\u00a0\u00bbdefault\u00a0\u00bb background_color=\u00a0\u00bbrgba(12,113,195,0.5)\u00a0\u00bb global_module=\u00a0\u00bb191&Prime; saved_tabs=\u00a0\u00bball\u00a0\u00bb global_colors_info=\u00a0\u00bb{}\u00a0\u00bb][et_pb_row _builder_version=\u00a0\u00bb4.17.4&Prime; _module_preset=\u00a0\u00bbdefault\u00a0\u00bb global_colors_info=\u00a0\u00bb{}\u00a0\u00bb][et_pb_column type=\u00a0\u00bb4_4&Prime; _builder_version=\u00a0\u00bb4.17.4&Prime; _module_preset=\u00a0\u00bbdefault\u00a0\u00bb global_colors_info=\u00a0\u00bb{}\u00a0\u00bb][et_pb_text _builder_version=\u00a0\u00bb4.17.6&Prime; _module_preset=\u00a0\u00bbdefault\u00a0\u00bb background_layout=\u00a0\u00bbdark\u00a0\u00bb global_colors_info=\u00a0\u00bb{}\u00a0\u00bb]<h2>Nos outils pour am\u00e9liorer vos locations<\/h2>[\/et_pb_text][et_pb_blog fullwidth=\u00a0\u00bboff\u00a0\u00bb posts_number=\u00a0\u00bb5&Prime; include_categories=\u00a0\u00bb2&Prime; show_author=\u00a0\u00bboff\u00a0\u00bb show_date=\u00a0\u00bboff\u00a0\u00bb show_categories=\u00a0\u00bboff\u00a0\u00bb show_pagination=\u00a0\u00bboff\u00a0\u00bb _builder_version=\u00a0\u00bb4.17.6&Prime; _module_preset=\u00a0\u00bbdefault\u00a0\u00bb global_colors_info=\u00a0\u00bb{}\u00a0\u00bb][\/et_pb_blog][et_pb_button button_url=\u00a0\u00bbhttps:\/\/bnbpromo.seeusoon.digital\/?cat=2&Prime; button_text=\u00a0\u00bbTous nos conseils\u00a0\u00bb button_alignment=\u00a0\u00bbcenter\u00a0\u00bb _builder_version=\u00a0\u00bb4.17.4&Prime; _module_preset=\u00a0\u00bbdefault\u00a0\u00bb background_layout=\u00a0\u00bbdark\u00a0\u00bb global_colors_info=\u00a0\u00bb{}\u00a0\u00bb][\/et_pb_button][\/et_pb_column][\/et_pb_row][\/et_pb_section][et_pb_section fb_built=\u00a0\u00bb1&Prime; admin_label=\u00a0\u00bbSection Blog Astuces\u00a0\u00bb _builder_version=\u00a0\u00bb4.17.4&Prime; _module_preset=\u00a0\u00bbdefault\u00a0\u00bb background_color=\u00a0\u00bbrgba(12,154,206,0.4)\u00a0\u00bb global_module=\u00a0\u00bb192&Prime; saved_tabs=\u00a0\u00bball\u00a0\u00bb global_colors_info=\u00a0\u00bb{}\u00a0\u00bb][et_pb_row _builder_version=\u00a0\u00bb4.17.4&Prime; _module_preset=\u00a0\u00bbdefault\u00a0\u00bb global_colors_info=\u00a0\u00bb{}\u00a0\u00bb][et_pb_column type=\u00a0\u00bb4_4&Prime; _builder_version=\u00a0\u00bb4.17.4&Prime; _module_preset=\u00a0\u00bbdefault\u00a0\u00bb global_colors_info=\u00a0\u00bb{}\u00a0\u00bb][et_pb_text _builder_version=\u00a0\u00bb4.17.4&Prime; _module_preset=\u00a0\u00bbdefault\u00a0\u00bb background_layout=\u00a0\u00bbdark\u00a0\u00bb global_colors_info=\u00a0\u00bb{}\u00a0\u00bb]<h2>Nos astuces pour am\u00e9liorer vos locations<\/h2>[\/et_pb_text][et_pb_blog fullwidth=\u00a0\u00bboff\u00a0\u00bb posts_number=\u00a0\u00bb3&Prime; include_categories=\u00a0\u00bb3&Prime; show_author=\u00a0\u00bboff\u00a0\u00bb show_categories=\u00a0\u00bboff\u00a0\u00bb show_pagination=\u00a0\u00bboff\u00a0\u00bb use_overlay=\u00a0\u00bbon\u00a0\u00bb _builder_version=\u00a0\u00bb4.17.4&Prime; _module_preset=\u00a0\u00bbdefault\u00a0\u00bb global_colors_info=\u00a0\u00bb{}\u00a0\u00bb][\/et_pb_blog][et_pb_button button_url=\u00a0\u00bbhttps:\/\/bnbpromo.seeusoon.digital\/?cat=3&Prime; button_text=\u00a0\u00bbToutes nos astuces\u00a0\u00bb button_alignment=\u00a0\u00bbcenter\u00a0\u00bb _builder_version=\u00a0\u00bb4.17.4&Prime; _module_preset=\u00a0\u00bbdefault\u00a0\u00bb background_layout=\u00a0\u00bbdark\u00a0\u00bb global_colors_info=\u00a0\u00bb{}\u00a0\u00bb][\/et_pb_button][\/et_pb_column][\/et_pb_row][\/et_pb_section]<!-- \/wp:post-content -->","protected":false},"excerpt":{"rendered":"<p>1.Renseignez le formulaire et obtenez une annonce pr\u00eat \u00e0 l&#8217;emploi2.Recevez un guide adapt\u00e9 \u00e0 votre annonce, pour am\u00e9liorer la qualit\u00e9 de votre accueil3.Am\u00e9liorez votre taux de remplissage et augmentez vos prix de location grace \u00e0 des conseils et des astuces sur mesure pour votre locationNous vous fournissons des textes automatiquement adapt\u00e9s \u00e0 la description de [&hellip;]<\/p>\n","protected":false},"author":1,"featured_media":48,"parent":0,"menu_order":0,"comment_status":"closed","ping_status":"closed","template":"","meta":{"_et_pb_use_builder":"on","_et_pb_old_content":"<!-- wp:paragraph -->\r\n<p>Ceci est une page d\u2019exemple. C\u2019est diff\u00e9rent d\u2019un article de blog parce qu\u2019elle restera au m\u00eame endroit et appara\u00eetra dans la navigation de votre site (dans la plupart des th\u00e8mes). La plupart des gens commencent par une page \u00ab\u00a0\u00c0 propos\u00a0\u00bb qui les pr\u00e9sente aux personnes visitant le site. Cela pourrait ressembler \u00e0 quelque chose comme cela\u00a0:<\/p>\r\n<!-- \/wp:paragraph -->\r\n\r\n<!-- wp:quote -->\r\n<blockquote class=\"wp-block-quote\">\r\n<p>Bonjour\u00a0! Je suis un m\u00e9canicien qui aspire \u00e0 devenir acteur, et voici mon site. J\u2019habite \u00e0 Bordeaux, j\u2019ai un super chien baptis\u00e9 Russell, et j\u2019aime la vodka (ainsi qu\u2019\u00eatre surpris par la pluie soudaine lors de longues balades sur la plage au coucher du soleil).<\/p>\r\n<\/blockquote>\r\n<!-- \/wp:quote -->\r\n\r\n<!-- wp:paragraph -->\r\n<p>\u2026ou quelque chose comme cela\u00a0:<\/p>\r\n<!-- \/wp:paragraph -->\r\n\r\n<!-- wp:quote -->\r\n<blockquote class=\"wp-block-quote\">\r\n<p>La soci\u00e9t\u00e9 123 Machin Truc a \u00e9t\u00e9 cr\u00e9\u00e9e en 1971, et n\u2019a cess\u00e9 de proposer au public des machins-trucs de qualit\u00e9 depuis lors. Situ\u00e9e \u00e0 Saint-Remy-en-Bouzemont-Saint-Genest-et-Isson, 123 Machin Truc emploie 2 000 personnes, et fabrique toutes sortes de bidules supers pour la communaut\u00e9 bouzemontoise.<\/p>\r\n<\/blockquote>\r\n<!-- \/wp:quote -->\r\n\r\n<!-- wp:paragraph -->\r\n<p>En tant que nouvel utilisateur ou utilisatrice de WordPress, vous devriez vous rendre sur <a href=\"https:\/\/bnbpromo.seeusoon.digital\/wp-admin\/\">votre tableau de bord<\/a> pour supprimer cette page et cr\u00e9er de nouvelles pages pour votre contenu. Amusez-vous bien\u00a0!<\/p>\r\n<!-- \/wp:paragraph -->","_et_gb_content_width":"","footnotes":""},"class_list":["post-2","page","type-page","status-publish","has-post-thumbnail","hentry"],"acf":[],"yoast_head":"<!-- This site is optimized with the Yoast SEO plugin v19.8 - https:\/\/yoast.com\/wordpress\/plugins\/seo\/ -->\n<title>Votre location am\u00e9lior\u00e9e - BNBPromo<\/title>\n<meta name=\"robots\" content=\"noindex, follow, max-snippet:-1, max-image-preview:large, max-video-preview:-1\" \/>\n<meta property=\"og:locale\" content=\"fr_FR\" \/>\n<meta property=\"og:type\" content=\"article\" \/>\n<meta property=\"og:title\" content=\"Votre location am\u00e9lior\u00e9e - BNBPromo\" \/>\n<meta property=\"og:description\" content=\"1.Renseignez le formulaire et obtenez une annonce pr\u00eat \u00e0 l&#039;emploi2.Recevez un guide adapt\u00e9 \u00e0 votre annonce, pour am\u00e9liorer la qualit\u00e9 de votre accueil3.Am\u00e9liorez votre taux de remplissage et augmentez vos prix de location grace \u00e0 des conseils et des astuces sur mesure pour votre locationNous vous fournissons des textes automatiquement adapt\u00e9s \u00e0 la description de [&hellip;]\" \/>\n<meta property=\"og:url\" content=\"https:\/\/bnbpromo.seeusoon.digital\/\" \/>\n<meta property=\"og:site_name\" content=\"BNBPromo\" \/>\n<meta property=\"article:modified_time\" content=\"2022-10-06T09:33:19+00:00\" \/>\n<meta property=\"og:image\" content=\"https:\/\/bnbpromo.seeusoon.digital\/wp-content\/uploads\/2022\/06\/logo-demo.png\" \/>\n\t<meta property=\"og:image:width\" content=\"320\" \/>\n\t<meta property=\"og:image:height\" content=\"320\" \/>\n\t<meta property=\"og:image:type\" content=\"image\/png\" \/>\n<meta name=\"twitter:card\" content=\"summary_large_image\" \/>\n<meta name=\"twitter:label1\" content=\"Dur\u00e9e de lecture estim\u00e9e\" \/>\n\t<meta name=\"twitter:data1\" content=\"2 minutes\" \/>\n<script type=\"application\/ld+json\" class=\"yoast-schema-graph\">{\"@context\":\"https:\/\/schema.org\",\"@graph\":[{\"@type\":\"WebPage\",\"@id\":\"https:\/\/bnbpromo.seeusoon.digital\/\",\"url\":\"https:\/\/bnbpromo.seeusoon.digital\/\",\"name\":\"Votre location am\u00e9lior\u00e9e - BNBPromo\",\"isPartOf\":{\"@id\":\"https:\/\/bnbpromo.seeusoon.digital\/#website\"},\"datePublished\":\"2022-06-22T15:37:16+00:00\",\"dateModified\":\"2022-10-06T09:33:19+00:00\",\"breadcrumb\":{\"@id\":\"https:\/\/bnbpromo.seeusoon.digital\/#breadcrumb\"},\"inLanguage\":\"fr-FR\",\"potentialAction\":[{\"@type\":\"ReadAction\",\"target\":[\"https:\/\/bnbpromo.seeusoon.digital\/\"]}]},{\"@type\":\"BreadcrumbList\",\"@id\":\"https:\/\/bnbpromo.seeusoon.digital\/#breadcrumb\",\"itemListElement\":[{\"@type\":\"ListItem\",\"position\":1,\"name\":\"Accueil\",\"item\":\"https:\/\/bnbpromo.seeusoon.digital\/\"},{\"@type\":\"ListItem\",\"position\":2,\"name\":\"Votre location am\u00e9lior\u00e9e\"}]},{\"@type\":\"WebSite\",\"@id\":\"https:\/\/bnbpromo.seeusoon.digital\/#website\",\"url\":\"https:\/\/bnbpromo.seeusoon.digital\/\",\"name\":\"BNBPromo\",\"description\":\"Un site utilisant WordPress\",\"publisher\":{\"@id\":\"https:\/\/bnbpromo.seeusoon.digital\/#organization\"},\"potentialAction\":[{\"@type\":\"SearchAction\",\"target\":{\"@type\":\"EntryPoint\",\"urlTemplate\":\"https:\/\/bnbpromo.seeusoon.digital\/?s={search_term_string}\"},\"query-input\":\"required name=search_term_string\"}],\"inLanguage\":\"fr-FR\"},{\"@type\":\"Organization\",\"@id\":\"https:\/\/bnbpromo.seeusoon.digital\/#organization\",\"name\":\"bnbpromo\",\"url\":\"https:\/\/bnbpromo.seeusoon.digital\/\",\"sameAs\":[],\"logo\":{\"@type\":\"ImageObject\",\"inLanguage\":\"fr-FR\",\"@id\":\"https:\/\/bnbpromo.seeusoon.digital\/#\/schema\/logo\/image\/\",\"url\":\"https:\/\/bnbpromo.seeusoon.digital\/wp-content\/uploads\/2022\/06\/logo-demo.png\",\"contentUrl\":\"https:\/\/bnbpromo.seeusoon.digital\/wp-content\/uploads\/2022\/06\/logo-demo.png\",\"width\":320,\"height\":320,\"caption\":\"bnbpromo\"},\"image\":{\"@id\":\"https:\/\/bnbpromo.seeusoon.digital\/#\/schema\/logo\/image\/\"}}]}<\/script>\n<!-- \/ Yoast SEO plugin. -->","yoast_head_json":{"title":"Votre location am\u00e9lior\u00e9e - BNBPromo","robots":{"index":"noindex","follow":"follow","max-snippet":"max-snippet:-1","max-image-preview":"max-image-preview:large","max-video-preview":"max-video-preview:-1"},"og_locale":"fr_FR","og_type":"article","og_title":"Votre location am\u00e9lior\u00e9e - BNBPromo","og_description":"1.Renseignez le formulaire et obtenez une annonce pr\u00eat \u00e0 l'emploi2.Recevez un guide adapt\u00e9 \u00e0 votre annonce, pour am\u00e9liorer la qualit\u00e9 de votre accueil3.Am\u00e9liorez votre taux de remplissage et augmentez vos prix de location grace \u00e0 des conseils et des astuces sur mesure pour votre locationNous vous fournissons des textes automatiquement adapt\u00e9s \u00e0 la description de [&hellip;]","og_url":"https:\/\/bnbpromo.seeusoon.digital\/","og_site_name":"BNBPromo","article_modified_time":"2022-10-06T09:33:19+00:00","og_image":[{"width":320,"height":320,"url":"https:\/\/bnbpromo.seeusoon.digital\/wp-content\/uploads\/2022\/06\/logo-demo.png","type":"image\/png"}],"twitter_card":"summary_large_image","twitter_misc":{"Dur\u00e9e de lecture estim\u00e9e":"2 minutes"},"schema":{"@context":"https:\/\/schema.org","@graph":[{"@type":"WebPage","@id":"https:\/\/bnbpromo.seeusoon.digital\/","url":"https:\/\/bnbpromo.seeusoon.digital\/","name":"Votre location am\u00e9lior\u00e9e - BNBPromo","isPartOf":{"@id":"https:\/\/bnbpromo.seeusoon.digital\/#website"},"datePublished":"2022-06-22T15:37:16+00:00","dateModified":"2022-10-06T09:33:19+00:00","breadcrumb":{"@id":"https:\/\/bnbpromo.seeusoon.digital\/#breadcrumb"},"inLanguage":"fr-FR","potentialAction":[{"@type":"ReadAction","target":["https:\/\/bnbpromo.seeusoon.digital\/"]}]},{"@type":"BreadcrumbList","@id":"https:\/\/bnbpromo.seeusoon.digital\/#breadcrumb","itemListElement":[{"@type":"ListItem","position":1,"name":"Accueil","item":"https:\/\/bnbpromo.seeusoon.digital\/"},{"@type":"ListItem","position":2,"name":"Votre location am\u00e9lior\u00e9e"}]},{"@type":"WebSite","@id":"https:\/\/bnbpromo.seeusoon.digital\/#website","url":"https:\/\/bnbpromo.seeusoon.digital\/","name":"BNBPromo","description":"Un site utilisant WordPress","publisher":{"@id":"https:\/\/bnbpromo.seeusoon.digital\/#organization"},"potentialAction":[{"@type":"SearchAction","target":{"@type":"EntryPoint","urlTemplate":"https:\/\/bnbpromo.seeusoon.digital\/?s={search_term_string}"},"query-input":"required name=search_term_string"}],"inLanguage":"fr-FR"},{"@type":"Organization","@id":"https:\/\/bnbpromo.seeusoon.digital\/#organization","name":"bnbpromo","url":"https:\/\/bnbpromo.seeusoon.digital\/","sameAs":[],"logo":{"@type":"ImageObject","inLanguage":"fr-FR","@id":"https:\/\/bnbpromo.seeusoon.digital\/#\/schema\/logo\/image\/","url":"https:\/\/bnbpromo.seeusoon.digital\/wp-content\/uploads\/2022\/06\/logo-demo.png","contentUrl":"https:\/\/bnbpromo.seeusoon.digital\/wp-content\/uploads\/2022\/06\/logo-demo.png","width":320,"height":320,"caption":"bnbpromo"},"image":{"@id":"https:\/\/bnbpromo.seeusoon.digital\/#\/schema\/logo\/image\/"}}]}},"_links":{"self":[{"href":"https:\/\/bnbpromo.seeusoon.digital\/index.php?rest_route=\/wp\/v2\/pages\/2","targetHints":{"allow":["GET"]}}],"collection":[{"href":"https:\/\/bnbpromo.seeusoon.digital\/index.php?rest_route=\/wp\/v2\/pages"}],"about":[{"href":"https:\/\/bnbpromo.seeusoon.digital\/index.php?rest_route=\/wp\/v2\/types\/page"}],"author":[{"embeddable":true,"href":"https:\/\/bnbpromo.seeusoon.digital\/index.php?rest_route=\/wp\/v2\/users\/1"}],"replies":[{"embeddable":true,"href":"https:\/\/bnbpromo.seeusoon.digital\/index.php?rest_route=%2Fwp%2Fv2%2Fcomments&post=2"}],"version-history":[{"count":38,"href":"https:\/\/bnbpromo.seeusoon.digital\/index.php?rest_route=\/wp\/v2\/pages\/2\/revisions"}],"predecessor-version":[{"id":496,"href":"https:\/\/bnbpromo.seeusoon.digital\/index.php?rest_route=\/wp\/v2\/pages\/2\/revisions\/496"}],"wp:featuredmedia":[{"embeddable":true,"href":"https:\/\/bnbpromo.seeusoon.digital\/index.php?rest_route=\/wp\/v2\/media\/48"}],"wp:attachment":[{"href":"https:\/\/bnbpromo.seeusoon.digital\/index.php?rest_route=%2Fwp%2Fv2%2Fmedia&parent=2"}],"curies":[{"name":"wp","href":"https:\/\/api.w.org\/{rel}","templated":true}]}}