{"id":145,"date":"2022-06-23T13:13:00","date_gmt":"2022-06-23T11:13:00","guid":{"rendered":"https:\/\/bnbpromo.seeusoon.digital\/?page_id=145"},"modified":"2022-08-07T18:41:41","modified_gmt":"2022-08-07T16:41:41","slug":"generer-votre-annonce-parfaite-en-quelques-minutes","status":"publish","type":"page","link":"https:\/\/bnbpromo.seeusoon.digital\/?page_id=145","title":{"rendered":"G\u00e9n\u00e9rer une annonce performante en quelques instants"},"content":{"rendered":"<p>[et_pb_section fb_built=\u00a0\u00bb1&Prime; fullwidth=\u00a0\u00bbon\u00a0\u00bb _builder_version=\u00a0\u00bb4.17.4&Prime; _module_preset=\u00a0\u00bbdefault\u00a0\u00bb background_image=\u00a0\u00bbhttps:\/\/bnbpromo.seeusoon.digital\/wp-content\/uploads\/2022\/06\/young-man-inflatable-mattress-swimming-pool-top-view-space-text-man-inflatable-mattress-swimming-pool-top-view-189787352.jpeg\u00a0\u00bb locked=\u00a0\u00bboff\u00a0\u00bb global_colors_info=\u00a0\u00bb{}\u00a0\u00bb][et_pb_fullwidth_post_title meta=\u00a0\u00bboff\u00a0\u00bb featured_image=\u00a0\u00bboff\u00a0\u00bb text_color=\u00a0\u00bblight\u00a0\u00bb _builder_version=\u00a0\u00bb4.17.4&Prime; _module_preset=\u00a0\u00bbdefault\u00a0\u00bb title_font=\u00a0\u00bb|||on|||||\u00a0\u00bb title_font_size=\u00a0\u00bb45px\u00a0\u00bb background_enable_image=\u00a0\u00bboff\u00a0\u00bb background_size=\u00a0\u00bbinitial\u00a0\u00bb background_position=\u00a0\u00bbcenter_right\u00a0\u00bb background_horizontal_offset=\u00a0\u00bb5%\u00a0\u00bb custom_padding=\u00a0\u00bb10em||10em||true|false\u00a0\u00bb text_shadow_style=\u00a0\u00bbpreset3&Prime; global_colors_info=\u00a0\u00bb{}\u00a0\u00bb][\/et_pb_fullwidth_post_title][\/et_pb_section][et_pb_section fb_built=\u00a0\u00bb1&Prime; _builder_version=\u00a0\u00bb4.16&Prime; global_colors_info=\u00a0\u00bb{}\u00a0\u00bb][et_pb_row _builder_version=\u00a0\u00bb4.16&Prime; background_size=\u00a0\u00bbinitial\u00a0\u00bb background_position=\u00a0\u00bbtop_left\u00a0\u00bb background_repeat=\u00a0\u00bbrepeat\u00a0\u00bb global_colors_info=\u00a0\u00bb{}\u00a0\u00bb][et_pb_column type=\u00a0\u00bb4_4&Prime; _builder_version=\u00a0\u00bb4.16&Prime; custom_padding=\u00a0\u00bb|||\u00a0\u00bb global_colors_info=\u00a0\u00bb{}\u00a0\u00bb custom_padding__hover=\u00a0\u00bb|||\u00a0\u00bb][et_pb_text _builder_version=\u00a0\u00bb4.17.4&Prime; background_size=\u00a0\u00bbinitial\u00a0\u00bb background_position=\u00a0\u00bbtop_left\u00a0\u00bb background_repeat=\u00a0\u00bbrepeat\u00a0\u00bb global_colors_info=\u00a0\u00bb{}\u00a0\u00bb]<\/p>\n<p>Nous vous fournissons des textes automatiquement adapt\u00e9s \u00e0 la description de votre logement en location, en fonction des informations qui vous seront demand\u00e9s dans le formulaire ci-apr\u00e8s.<br \/>Des annonces r\u00e9dig\u00e9es sans fautes, des tournures agr\u00e9ables et compl\u00e8tes, traduites en fran\u00e7ais et anglais (espagnol et chinois \u00e0 venir !)<\/p>\n<p>En quelques \u00e9tapes simples, vous recevrez vos textes sur mesure et pr\u00eats \u00e0 l&#8217;emploi pour am\u00e9liorer vos annonces sur les plateformes de locations.<\/p>\n<p>[\/et_pb_text][\/et_pb_column][\/et_pb_row][et_pb_row _builder_version=\u00a0\u00bb4.17.4&Prime; _module_preset=\u00a0\u00bbdefault\u00a0\u00bb global_colors_info=\u00a0\u00bb{}\u00a0\u00bb][et_pb_column type=\u00a0\u00bb4_4&Prime; _builder_version=\u00a0\u00bb4.17.4&Prime; _module_preset=\u00a0\u00bbdefault\u00a0\u00bb global_colors_info=\u00a0\u00bb{}\u00a0\u00bb][et_pb_accordion _builder_version=\u00a0\u00bb4.17.4&Prime; _module_preset=\u00a0\u00bbdefault\u00a0\u00bb global_colors_info=\u00a0\u00bb{}\u00a0\u00bb][et_pb_accordion_item title=\u00a0\u00bbAmbiance de votre annonce\u00a0\u00bb open=\u00a0\u00bbon\u00a0\u00bb _builder_version=\u00a0\u00bb4.17.4&Prime; _module_preset=\u00a0\u00bbdefault\u00a0\u00bb global_colors_info=\u00a0\u00bb{}\u00a0\u00bb]<\/p>\n<ul>\n<li>S\u00e9rieux<\/li>\n<li>D\u00e9tendu<\/li>\n<li>Cool<\/li>\n<\/ul>\n<p>[\/et_pb_accordion_item][et_pb_accordion_item title=\u00a0\u00bbType de logement\u00a0\u00bb _builder_version=\u00a0\u00bb4.17.4&Prime; _module_preset=\u00a0\u00bbdefault\u00a0\u00bb global_colors_info=\u00a0\u00bb{}\u00a0\u00bb]<\/p>\n<ul>\n<li>Appartement entier<\/li>\n<li>Chambre dans appartement<\/li>\n<li>Chambre dans maison<\/li>\n<li>Collocation<\/li>\n<li>Loft<\/li>\n<li>Maison enti\u00e8re<\/li>\n<li>Villa<\/li>\n<li>D\u00e9pendance dans propri\u00e9t\u00e9<\/li>\n<li>Cabane<\/li>\n<li>Caravane<\/li>\n<\/ul>\n<p>[\/et_pb_accordion_item][et_pb_accordion_item title=\u00a0\u00bbSituation du bien\u00a0\u00bb _builder_version=\u00a0\u00bb4.17.4&Prime; _module_preset=\u00a0\u00bbdefault\u00a0\u00bb global_colors_info=\u00a0\u00bb{}\u00a0\u00bb]<\/p>\n<ul>\n<li>Ville<\/li>\n<li>Campagne<\/li>\n<li>Mer<\/li>\n<li>Montagne<\/li>\n<\/ul>\n<p>[\/et_pb_accordion_item][et_pb_accordion_item title=\u00a0\u00bbLocalisation du bien\u00a0\u00bb _builder_version=\u00a0\u00bb4.17.4&Prime; _module_preset=\u00a0\u00bbdefault\u00a0\u00bb global_colors_info=\u00a0\u00bb{}\u00a0\u00bb]<\/p>\n<ul>\n<li>Adresse<\/li>\n<li>CP \/ Ville (autocompl\u00e9tion)<\/li>\n<li>Si ville :\n<ul>\n<li>Centre-ville ?<\/li>\n<li>Faubourg ?<\/li>\n<li>Banlieue ?<\/li>\n<li>Quartier branch\u00e9 ?<\/li>\n<li>Centre historique<\/li>\n<\/ul>\n<\/li>\n<li>Si mer :\n<ul>\n<li>Proximit\u00e9 plage (km \/ m)<\/li>\n<\/ul>\n<\/li>\n<li>Si montagne :\n<ul>\n<li>Proximit\u00e9 station<\/li>\n<\/ul>\n<\/li>\n<li>Si campagne :\n<ul>\n<li>isol\u00e9e ?<\/li>\n<li>Proche centre d\u2019int\u00e9r\u00eats ?<\/li>\n<li>Ville la plus proche ?<\/li>\n<\/ul>\n<\/li>\n<\/ul>\n<p>[\/et_pb_accordion_item][et_pb_accordion_item title=\u00a0\u00bbD\u00e9tails du bien\u00a0\u00bb _builder_version=\u00a0\u00bb4.17.4&Prime; _module_preset=\u00a0\u00bbdefault\u00a0\u00bb global_colors_info=\u00a0\u00bb{}\u00a0\u00bb]<\/p>\n<ul>\n<li>Nbre de m2<\/li>\n<li>Nbre de pi\u00e8ces<\/li>\n<li>Combien de personnes ?<\/li>\n<li>Nbre de chambres<\/li>\n<li>Moderne<\/li>\n<li>Ancien modernis\u00e9<\/li>\n<li>Ancien ancien<\/li>\n<li>Ann\u00e9e de construction<\/li>\n<li>D\u00e9coration :\n<ul>\n<li>vintage<\/li>\n<li>rustique<\/li>\n<li>romantique<\/li>\n<\/ul>\n<\/li>\n<li>Pi\u00e8ce de vie\n<ul>\n<li>petite<\/li>\n<li>moyenne<\/li>\n<li>grande<\/li>\n<\/ul>\n<\/li>\n<\/ul>\n<p>[\/et_pb_accordion_item][et_pb_accordion_item title=\u00a0\u00bbServices\u00a0\u00bb _builder_version=\u00a0\u00bb4.17.4&Prime; _module_preset=\u00a0\u00bbdefault\u00a0\u00bb global_colors_info=\u00a0\u00bb{}\u00a0\u00bb]<\/p>\n<ul>\n<li>Int\u00e9rieur<\/li>\n<li>Cuisine\n<ul>\n<li>mat\u00e9riel<\/li>\n<\/ul>\n<\/li>\n<li>Pi\u00e8ce de vie\n<ul>\n<li>mat\u00e9riel<\/li>\n<\/ul>\n<\/li>\n<li>Les lits (en fonction du nombre)\n<ul>\n<li>king size<\/li>\n<li>queen size<\/li>\n<li>canap\u00e9 lit<\/li>\n<\/ul>\n<\/li>\n<li>Ext\u00e9rieur<\/li>\n<li>Autre ?<\/li>\n<\/ul>\n<p>[\/et_pb_accordion_item][\/et_pb_accordion][\/et_pb_column][\/et_pb_row][\/et_pb_section][et_pb_section fb_built=\u00a0\u00bb1&Prime; admin_label=\u00a0\u00bbSection Blog Conseils\u00a0\u00bb _builder_version=\u00a0\u00bb4.17.6&Prime; _module_preset=\u00a0\u00bbdefault\u00a0\u00bb background_color=\u00a0\u00bbrgba(12,113,195,0.5)\u00a0\u00bb global_module=\u00a0\u00bb191&Prime; saved_tabs=\u00a0\u00bball\u00a0\u00bb global_colors_info=\u00a0\u00bb{}\u00a0\u00bb][et_pb_row _builder_version=\u00a0\u00bb4.17.4&Prime; _module_preset=\u00a0\u00bbdefault\u00a0\u00bb global_colors_info=\u00a0\u00bb{}\u00a0\u00bb][et_pb_column type=\u00a0\u00bb4_4&Prime; _builder_version=\u00a0\u00bb4.17.4&Prime; _module_preset=\u00a0\u00bbdefault\u00a0\u00bb global_colors_info=\u00a0\u00bb{}\u00a0\u00bb][et_pb_text _builder_version=\u00a0\u00bb4.17.6&Prime; _module_preset=\u00a0\u00bbdefault\u00a0\u00bb background_layout=\u00a0\u00bbdark\u00a0\u00bb global_colors_info=\u00a0\u00bb{}\u00a0\u00bb]<\/p>\n<h2>Nos outils pour am\u00e9liorer vos locations<\/h2>\n<p>[\/et_pb_text][et_pb_blog fullwidth=\u00a0\u00bboff\u00a0\u00bb posts_number=\u00a0\u00bb3&Prime; include_categories=\u00a0\u00bb2&Prime; show_author=\u00a0\u00bboff\u00a0\u00bb show_categories=\u00a0\u00bboff\u00a0\u00bb show_pagination=\u00a0\u00bboff\u00a0\u00bb use_overlay=\u00a0\u00bbon\u00a0\u00bb _builder_version=\u00a0\u00bb4.17.4&Prime; _module_preset=\u00a0\u00bbdefault\u00a0\u00bb global_colors_info=\u00a0\u00bb{}\u00a0\u00bb][\/et_pb_blog][et_pb_button button_url=\u00a0\u00bbhttps:\/\/bnbpromo.seeusoon.digital\/?cat=2&Prime; button_text=\u00a0\u00bbTous nos conseils\u00a0\u00bb button_alignment=\u00a0\u00bbcenter\u00a0\u00bb _builder_version=\u00a0\u00bb4.17.4&Prime; _module_preset=\u00a0\u00bbdefault\u00a0\u00bb background_layout=\u00a0\u00bbdark\u00a0\u00bb global_colors_info=\u00a0\u00bb{}\u00a0\u00bb][\/et_pb_button][\/et_pb_column][\/et_pb_row][\/et_pb_section]<\/p>\n","protected":false},"excerpt":{"rendered":"<p>Nous vous fournissons des textes automatiquement adapt\u00e9s \u00e0 la description de votre logement en location, en fonction des informations qui vous seront demand\u00e9s dans le formulaire ci-apr\u00e8s.Des annonces r\u00e9dig\u00e9es sans fautes, des tournures agr\u00e9ables et compl\u00e8tes, traduites en fran\u00e7ais et anglais (espagnol et chinois \u00e0 venir !) En quelques \u00e9tapes simples, vous recevrez vos textes [&hellip;]<\/p>\n","protected":false},"author":1,"featured_media":51,"parent":0,"menu_order":0,"comment_status":"closed","ping_status":"closed","template":"","meta":{"_et_pb_use_builder":"on","_et_pb_old_content":"<p>Nous vous fournissons des textes automatiquement adapt\u00e9s \u00e0 la description de votre logement en location, en fonction des informations qui vous seront demand\u00e9s dans le formulaire ci-apr\u00e8s.<br \/>Des annonces r\u00e9dig\u00e9es sans fautes, des tournures agr\u00e9ables et compl\u00e8tes, traduites en fran\u00e7ais et anglais (espagnol et chinois \u00e0 venir !)<\/p><p>En quelques \u00e9tapes simples, vous recevrez vos textes sur mesure et pr\u00eats \u00e0 l'emploi pour am\u00e9liorer vos annonces sur les plateformes de locations.<\/p><ol><li><h2>Ambiance de votre annonce<\/h2><ul><li>S\u00e9rieux<\/li><li>D\u00e9tendu<\/li><li>Cool<\/li><\/ul><\/li><li><h2>Type de logement<\/h2><ul><li>Appartement entier<\/li><li>Chambre dans appartement<\/li><li>Chambre dans maison<\/li><li>Collocation<\/li><li>Loft<\/li><li>Maison enti\u00e8re<\/li><li>Villa<\/li><li>D\u00e9pendance dans propri\u00e9t\u00e9<\/li><li>Cabane<\/li><li>Caravane<\/li><\/ul><\/li><li><h2>Situation du bien<\/h2><ul><li>Ville<\/li><li>Campagne<\/li><li>Mer<\/li><li>Montagne<\/li><\/ul><\/li><li><h2>Localisation du bien<\/h2><ul><li>Adresse<\/li><li>CP \/ Ville (autocompl\u00e9tion)<\/li><li>Si ville :<ul><li>Centre-ville ?<\/li><li>Faubourg ?<\/li><li>Banlieue ?<\/li><li>Quartier branch\u00e9 ?<\/li><li>Centre historique<\/li><\/ul><\/li><li>Si mer :<ul><li>Proximit\u00e9 plage (km \/ m)<\/li><\/ul><\/li><li>Si montagne :<ul><li>Proximit\u00e9 station<\/li><\/ul><\/li><li>Si campagne :<ul><li>isol\u00e9e ?<\/li><li>Proche centre d'int\u00e9r\u00eats ?<\/li><li>Ville la plus proche ?<\/li><\/ul><\/li><\/ul><\/li><li><h2>D\u00e9tails du bien<\/h2><ul><li>Nbre de m2<\/li><li>Nbre de pi\u00e8ces<\/li><li>Combien de personnes ?<\/li><li>Nbre de chambres<\/li><li>Moderne<\/li><li>Ancien modernis\u00e9<\/li><li>Ancien ancien<\/li><li>Ann\u00e9e de construction<\/li><li>D\u00e9coration :<ul><li>vintage<\/li><li>rustique<\/li><li>romantique<\/li><\/ul><\/li><li>Pi\u00e8ce de vie<ul><li>petite<\/li><li>moyenne<\/li><li>grande<\/li><\/ul><\/li><\/ul><\/li><li><h2>Services<\/h2><ul><li>Int\u00e9rieur<\/li><li>Cuisine<ul><li>mat\u00e9riel<\/li><\/ul><\/li><li>Pi\u00e8ce de vie<ul><li>mat\u00e9riel<\/li><\/ul><\/li><li>Les lits (en fonction du nombre)<ul><li>king size<\/li><li>queen size<\/li><li>canap\u00e9 lit<\/li><\/ul><\/li><li>Ext\u00e9rieur<\/li><li>Autre ?<\/li><\/ul><\/li><\/ol>","_et_gb_content_width":"","footnotes":""},"class_list":["post-145","page","type-page","status-publish","has-post-thumbnail","hentry"],"acf":[],"yoast_head":"<!-- This site is optimized with the Yoast SEO plugin v19.8 - https:\/\/yoast.com\/wordpress\/plugins\/seo\/ -->\n<title>G\u00e9n\u00e9rer une annonce performante en quelques instants - BNBPromo<\/title>\n<meta name=\"robots\" content=\"noindex, follow, max-snippet:-1, max-image-preview:large, max-video-preview:-1\" \/>\n<meta property=\"og:locale\" content=\"fr_FR\" \/>\n<meta property=\"og:type\" content=\"article\" \/>\n<meta property=\"og:title\" content=\"G\u00e9n\u00e9rer une annonce performante en quelques instants - BNBPromo\" \/>\n<meta property=\"og:description\" content=\"Nous vous fournissons des textes automatiquement adapt\u00e9s \u00e0 la description de votre logement en location, en fonction des informations qui vous seront demand\u00e9s dans le formulaire ci-apr\u00e8s.Des annonces r\u00e9dig\u00e9es sans fautes, des tournures agr\u00e9ables et compl\u00e8tes, traduites en fran\u00e7ais et anglais (espagnol et chinois \u00e0 venir !) En quelques \u00e9tapes simples, vous recevrez vos textes [&hellip;]\" \/>\n<meta property=\"og:url\" content=\"https:\/\/bnbpromo.seeusoon.digital\/?page_id=145\" \/>\n<meta property=\"og:site_name\" content=\"BNBPromo\" \/>\n<meta property=\"article:modified_time\" content=\"2022-08-07T16:41:41+00:00\" \/>\n<meta property=\"og:image\" content=\"https:\/\/bnbpromo.seeusoon.digital\/wp-content\/uploads\/2022\/06\/young-man-inflatable-mattress-swimming-pool-top-view-space-text-man-inflatable-mattress-swimming-pool-top-view-189787352.jpeg\" \/>\n\t<meta property=\"og:image:width\" content=\"1600\" \/>\n\t<meta property=\"og:image:height\" content=\"1156\" \/>\n\t<meta property=\"og:image:type\" content=\"image\/jpeg\" \/>\n<meta name=\"twitter:card\" content=\"summary_large_image\" \/>\n<meta name=\"twitter:label1\" content=\"Dur\u00e9e de lecture estim\u00e9e\" \/>\n\t<meta name=\"twitter:data1\" content=\"2 minutes\" \/>\n<script type=\"application\/ld+json\" class=\"yoast-schema-graph\">{\"@context\":\"https:\/\/schema.org\",\"@graph\":[{\"@type\":\"WebPage\",\"@id\":\"https:\/\/bnbpromo.seeusoon.digital\/?page_id=145\",\"url\":\"https:\/\/bnbpromo.seeusoon.digital\/?page_id=145\",\"name\":\"G\u00e9n\u00e9rer une annonce performante en quelques instants - BNBPromo\",\"isPartOf\":{\"@id\":\"https:\/\/bnbpromo.seeusoon.digital\/#website\"},\"datePublished\":\"2022-06-23T11:13:00+00:00\",\"dateModified\":\"2022-08-07T16:41:41+00:00\",\"breadcrumb\":{\"@id\":\"https:\/\/bnbpromo.seeusoon.digital\/?page_id=145#breadcrumb\"},\"inLanguage\":\"fr-FR\",\"potentialAction\":[{\"@type\":\"ReadAction\",\"target\":[\"https:\/\/bnbpromo.seeusoon.digital\/?page_id=145\"]}]},{\"@type\":\"BreadcrumbList\",\"@id\":\"https:\/\/bnbpromo.seeusoon.digital\/?page_id=145#breadcrumb\",\"itemListElement\":[{\"@type\":\"ListItem\",\"position\":1,\"name\":\"Accueil\",\"item\":\"https:\/\/bnbpromo.seeusoon.digital\/\"},{\"@type\":\"ListItem\",\"position\":2,\"name\":\"G\u00e9n\u00e9rer une annonce performante en quelques instants\"}]},{\"@type\":\"WebSite\",\"@id\":\"https:\/\/bnbpromo.seeusoon.digital\/#website\",\"url\":\"https:\/\/bnbpromo.seeusoon.digital\/\",\"name\":\"BNBPromo\",\"description\":\"Un site utilisant WordPress\",\"publisher\":{\"@id\":\"https:\/\/bnbpromo.seeusoon.digital\/#organization\"},\"potentialAction\":[{\"@type\":\"SearchAction\",\"target\":{\"@type\":\"EntryPoint\",\"urlTemplate\":\"https:\/\/bnbpromo.seeusoon.digital\/?s={search_term_string}\"},\"query-input\":\"required name=search_term_string\"}],\"inLanguage\":\"fr-FR\"},{\"@type\":\"Organization\",\"@id\":\"https:\/\/bnbpromo.seeusoon.digital\/#organization\",\"name\":\"bnbpromo\",\"url\":\"https:\/\/bnbpromo.seeusoon.digital\/\",\"sameAs\":[],\"logo\":{\"@type\":\"ImageObject\",\"inLanguage\":\"fr-FR\",\"@id\":\"https:\/\/bnbpromo.seeusoon.digital\/#\/schema\/logo\/image\/\",\"url\":\"https:\/\/bnbpromo.seeusoon.digital\/wp-content\/uploads\/2022\/06\/logo-demo.png\",\"contentUrl\":\"https:\/\/bnbpromo.seeusoon.digital\/wp-content\/uploads\/2022\/06\/logo-demo.png\",\"width\":320,\"height\":320,\"caption\":\"bnbpromo\"},\"image\":{\"@id\":\"https:\/\/bnbpromo.seeusoon.digital\/#\/schema\/logo\/image\/\"}}]}<\/script>\n<!-- \/ Yoast SEO plugin. -->","yoast_head_json":{"title":"G\u00e9n\u00e9rer une annonce performante en quelques instants - BNBPromo","robots":{"index":"noindex","follow":"follow","max-snippet":"max-snippet:-1","max-image-preview":"max-image-preview:large","max-video-preview":"max-video-preview:-1"},"og_locale":"fr_FR","og_type":"article","og_title":"G\u00e9n\u00e9rer une annonce performante en quelques instants - BNBPromo","og_description":"Nous vous fournissons des textes automatiquement adapt\u00e9s \u00e0 la description de votre logement en location, en fonction des informations qui vous seront demand\u00e9s dans le formulaire ci-apr\u00e8s.Des annonces r\u00e9dig\u00e9es sans fautes, des tournures agr\u00e9ables et compl\u00e8tes, traduites en fran\u00e7ais et anglais (espagnol et chinois \u00e0 venir !) En quelques \u00e9tapes simples, vous recevrez vos textes [&hellip;]","og_url":"https:\/\/bnbpromo.seeusoon.digital\/?page_id=145","og_site_name":"BNBPromo","article_modified_time":"2022-08-07T16:41:41+00:00","og_image":[{"width":1600,"height":1156,"url":"https:\/\/bnbpromo.seeusoon.digital\/wp-content\/uploads\/2022\/06\/young-man-inflatable-mattress-swimming-pool-top-view-space-text-man-inflatable-mattress-swimming-pool-top-view-189787352.jpeg","type":"image\/jpeg"}],"twitter_card":"summary_large_image","twitter_misc":{"Dur\u00e9e de lecture estim\u00e9e":"2 minutes"},"schema":{"@context":"https:\/\/schema.org","@graph":[{"@type":"WebPage","@id":"https:\/\/bnbpromo.seeusoon.digital\/?page_id=145","url":"https:\/\/bnbpromo.seeusoon.digital\/?page_id=145","name":"G\u00e9n\u00e9rer une annonce performante en quelques instants - BNBPromo","isPartOf":{"@id":"https:\/\/bnbpromo.seeusoon.digital\/#website"},"datePublished":"2022-06-23T11:13:00+00:00","dateModified":"2022-08-07T16:41:41+00:00","breadcrumb":{"@id":"https:\/\/bnbpromo.seeusoon.digital\/?page_id=145#breadcrumb"},"inLanguage":"fr-FR","potentialAction":[{"@type":"ReadAction","target":["https:\/\/bnbpromo.seeusoon.digital\/?page_id=145"]}]},{"@type":"BreadcrumbList","@id":"https:\/\/bnbpromo.seeusoon.digital\/?page_id=145#breadcrumb","itemListElement":[{"@type":"ListItem","position":1,"name":"Accueil","item":"https:\/\/bnbpromo.seeusoon.digital\/"},{"@type":"ListItem","position":2,"name":"G\u00e9n\u00e9rer une annonce performante en quelques instants"}]},{"@type":"WebSite","@id":"https:\/\/bnbpromo.seeusoon.digital\/#website","url":"https:\/\/bnbpromo.seeusoon.digital\/","name":"BNBPromo","description":"Un site utilisant WordPress","publisher":{"@id":"https:\/\/bnbpromo.seeusoon.digital\/#organization"},"potentialAction":[{"@type":"SearchAction","target":{"@type":"EntryPoint","urlTemplate":"https:\/\/bnbpromo.seeusoon.digital\/?s={search_term_string}"},"query-input":"required name=search_term_string"}],"inLanguage":"fr-FR"},{"@type":"Organization","@id":"https:\/\/bnbpromo.seeusoon.digital\/#organization","name":"bnbpromo","url":"https:\/\/bnbpromo.seeusoon.digital\/","sameAs":[],"logo":{"@type":"ImageObject","inLanguage":"fr-FR","@id":"https:\/\/bnbpromo.seeusoon.digital\/#\/schema\/logo\/image\/","url":"https:\/\/bnbpromo.seeusoon.digital\/wp-content\/uploads\/2022\/06\/logo-demo.png","contentUrl":"https:\/\/bnbpromo.seeusoon.digital\/wp-content\/uploads\/2022\/06\/logo-demo.png","width":320,"height":320,"caption":"bnbpromo"},"image":{"@id":"https:\/\/bnbpromo.seeusoon.digital\/#\/schema\/logo\/image\/"}}]}},"_links":{"self":[{"href":"https:\/\/bnbpromo.seeusoon.digital\/index.php?rest_route=\/wp\/v2\/pages\/145","targetHints":{"allow":["GET"]}}],"collection":[{"href":"https:\/\/bnbpromo.seeusoon.digital\/index.php?rest_route=\/wp\/v2\/pages"}],"about":[{"href":"https:\/\/bnbpromo.seeusoon.digital\/index.php?rest_route=\/wp\/v2\/types\/page"}],"author":[{"embeddable":true,"href":"https:\/\/bnbpromo.seeusoon.digital\/index.php?rest_route=\/wp\/v2\/users\/1"}],"replies":[{"embeddable":true,"href":"https:\/\/bnbpromo.seeusoon.digital\/index.php?rest_route=%2Fwp%2Fv2%2Fcomments&post=145"}],"version-history":[{"count":17,"href":"https:\/\/bnbpromo.seeusoon.digital\/index.php?rest_route=\/wp\/v2\/pages\/145\/revisions"}],"predecessor-version":[{"id":444,"href":"https:\/\/bnbpromo.seeusoon.digital\/index.php?rest_route=\/wp\/v2\/pages\/145\/revisions\/444"}],"wp:featuredmedia":[{"embeddable":true,"href":"https:\/\/bnbpromo.seeusoon.digital\/index.php?rest_route=\/wp\/v2\/media\/51"}],"wp:attachment":[{"href":"https:\/\/bnbpromo.seeusoon.digital\/index.php?rest_route=%2Fwp%2Fv2%2Fmedia&parent=145"}],"curies":[{"name":"wp","href":"https:\/\/api.w.org\/{rel}","templated":true}]}}